{"id":11174,"date":"2026-03-12T23:10:20","date_gmt":"2026-03-12T23:10:20","guid":{"rendered":"https:\/\/sommaconsulting.pt\/?page_id=11174"},"modified":"2026-03-12T23:18:43","modified_gmt":"2026-03-12T23:18:43","slug":"politica-de-privacidade","status":"publish","type":"page","link":"https:\/\/sommaconsulting.pt\/en\/politica-de-privacidade\/","title":{"rendered":"Privacy Policy"},"content":{"rendered":"<div data-elementor-type=\"wp-page\" data-elementor-id=\"11174\" class=\"elementor elementor-11174\" data-elementor-post-type=\"page\">\n\t\t\t\t<div class=\"elementor-element elementor-element-8a60a5d e-flex e-con-boxed e-con e-parent\" data-id=\"8a60a5d\" data-element_type=\"container\" data-e-type=\"container\" data-settings=\"{&quot;background_background&quot;:&quot;classic&quot;}\">\n\t\t\t\t\t<div class=\"e-con-inner\">\n\t\t<div class=\"elementor-element elementor-element-e1ca8d2 e-con-full e-flex e-con e-child\" data-id=\"e1ca8d2\" data-element_type=\"container\" data-e-type=\"container\">\n\t\t\t\t<div class=\"elementor-element elementor-element-3b1c693 elementor-hidden-desktop elementor-hidden-tablet elementor-hidden-mobile elementor-widget elementor-widget-hub_fancy_heading\" data-id=\"3b1c693\" data-element_type=\"widget\" data-e-type=\"widget\" data-widget_type=\"hub_fancy_heading.default\">\n\t\t\t\t<div class=\"elementor-widget-container\">\n\t\t\t\t\t\n\t\t<div id=\"ld-fancy-heading-69e235495d6a6\" class=\"ld-fancy-heading pos-rel\">\n\t\t\t<h1 class=\"ld-fh-element d-inline-block pos-rel  elementor-heading-title lqd-highlight-classic lqd-highlight-grow-left h1\"  > Privacy Policy<\/h1>\t\t<\/div>\n\n\t\t\t\t\t\t<\/div>\n\t\t\t\t<\/div>\n\t\t\t\t<div class=\"elementor-element elementor-element-5ec379b elementor-widget elementor-widget-text-editor\" data-id=\"5ec379b\" data-element_type=\"widget\" data-e-type=\"widget\" data-widget_type=\"text-editor.default\">\n\t\t\t\t<div class=\"elementor-widget-container\">\n\t\t\t\t\t\t\t\t\t<p>Privacy Policy<\/p>\t\t\t\t\t\t\t\t<\/div>\n\t\t\t\t<\/div>\n\t\t<div class=\"elementor-element elementor-element-3f56c40 e-con-full e-flex e-con e-child\" data-id=\"3f56c40\" data-element_type=\"container\" data-e-type=\"container\">\n\t\t\t\t<\/div>\n\t\t\t\t<\/div>\n\t\t\t\t\t<\/div>\n\t\t\t\t<\/div>\n\t\t<div class=\"elementor-element elementor-element-13d4e9e e-flex e-con-boxed e-con e-parent\" data-id=\"13d4e9e\" data-element_type=\"container\" data-e-type=\"container\" data-settings=\"{&quot;background_background&quot;:&quot;classic&quot;}\">\n\t\t\t\t\t<div class=\"e-con-inner\">\n\t\t<div class=\"elementor-element elementor-element-362daf2 e-con-full e-flex e-con e-child\" data-id=\"362daf2\" data-element_type=\"container\" data-e-type=\"container\">\n\t\t\t\t<div class=\"elementor-element elementor-element-41ed09a elementor-widget elementor-widget-text-editor\" data-id=\"41ed09a\" data-element_type=\"widget\" data-e-type=\"widget\" data-widget_type=\"text-editor.default\">\n\t\t\t\t<div class=\"elementor-widget-container\">\n\t\t\t\t\t\t\t\t\t<div class=\"elementor-element elementor-element-1c86f74 elementor-widget elementor-widget-heading\" data-id=\"1c86f74\" data-element_type=\"widget\" data-widget_type=\"heading.default\"><div class=\"elementor-heading-title elementor-size-default\"><p>\u00a01. \u00a0 <strong>Informa\u00e7\u00f5es Gerais<\/strong><\/p><p>A sua privacidade \u00e9 importante para n\u00f3s.\u00a0\u00c9 pol\u00edtica da\u00a0<strong>Somma Energy and Consultancy<\/strong> respeitar a sua privacidade relativamente a qualquer informa\u00e7\u00e3o que possamos recolher no nosso website (doravante, o \u201c<strong>Website<\/strong>\u201d).\u00a0Solicitamos informa\u00e7\u00f5es pessoais apenas quando realmente precisamos delas para lhe fornecer um servi\u00e7o. Fazemo-lo por meios justos e legais, com o seu conhecimento e consentimento. Tamb\u00e9m informamos por que motivo estamos a recolher estes dados e como ser\u00e3o usados.<\/p><ol start=\"2\"><li><strong>Respons\u00e1vel pelo tratamento dos seus dados neste website<\/strong><\/li><\/ol><p>O respons\u00e1vel pelo tratamento de dados neste website \u00e9 a Somma Consulting Unipessoal Lda, titular de este website.<\/p><ol start=\"3\"><li><strong>Porque tratamos os seus dados pessoais<\/strong><\/li><\/ol><p>Dependendo da finalidade para a qual tratamos os seus dados em cada momento, conforme explicado abaixo, temos a necessidade de tratar alguns dados, tais como os seguintes: os seus dados de identifica\u00e7\u00e3o, informa\u00e7\u00f5es econ\u00f3micas, informa\u00e7\u00f5es sobre transa\u00e7\u00f5es (relativas \u00e0s suas compras, encomendas, devolu\u00e7\u00f5es), dados de liga\u00e7\u00e3o e navega\u00e7\u00e3o, gostos e prefer\u00eancias e poder\u00e3o ser necess\u00e1rias categorias especiais de dados.<\/p><p>Os dados podem tamb\u00e9m ser transmitidos a terceiros como por exemplo a entidades a quem os dados tenham de ser comunicados por for\u00e7a da lei, como a autoridades policiais, reguladoras, tribunais, \u00f3rg\u00e3os governamentais ou outras autoridades p\u00fablicas ou entidades prestadoras de servi\u00e7os de\u00a0<em>Cloud\u00a0<\/em>e manuten\u00e7\u00e3o dos sistemas de informa\u00e7\u00e3o.<\/p><ol start=\"4\"><li><strong>Finalidades do tratamento dos Dados Pessoais<\/strong><\/li><\/ol><p>Dependendo dos servi\u00e7os, produtos ou funcionalidades dos quais deseja desfrutar, iremos tratar os seus dados pessoais para as seguintes finalidades e sob a seguinte legitimidade:<\/p><table><thead><tr><td><strong>Nome do tratamento<\/strong><\/td><td><strong>Finalidade<\/strong><\/td><td><strong>Legitimidade<\/strong><\/td><\/tr><\/thead><tbody><tr><td><strong>Gerir o seu registro e identifica\u00e7\u00e3o no Website<\/strong><\/td><td>Caso decida tornar-se um utilizador registrado do nosso Website, temos a necessidade de tratar os seu dados para o identificar como utilizador do Website e para lhe dar acesso \u00e0s suas informa\u00e7\u00f5es, hist\u00f3rico e compras.<\/td><td><p>O tratamento dos seus dados \u00e9 necess\u00e1rio para se poder registrar como utilizador no Website.<\/p><p>Consideramos que temos um interesse leg\u00edtimo em associar a sua conta \u00e0s suas compras e aos dados recolhidos atrav\u00e9s de diferentes canais do Website.<\/p><\/td><\/tr><tr><td><strong>Desenvolvimento, cumprimento e execu<\/strong><strong>\u00e7\u00e3o do contrato de compra que celebrou connosco na Website<\/strong><\/td><td><p>Esta finalidade inclui o tratamento para:<\/p><p>1.\u00a0\u00a0\u00a0\u00a0 Ou envio de comunica\u00e7\u00f5es informativas relacionadas com os productos ou servi\u00e7os contratados.<\/p><p>2.\u00a0\u00a0\u00a0\u00a0 Efectuar a gest\u00e3o do pagamento dos produtos que adquiriu.<\/p><p>3.\u00a0\u00a0\u00a0\u00a0 Gerir poss\u00edveis trocas ou devolu\u00e7\u00f5es depois de ter realizado uma compra e gerir pedidos de informa\u00e7\u00e3o sobre a disponibilidade de artigos, reservas de produtos a trav\u00e9s do Website.<\/p><p>4.\u00a0\u00a0\u00a0\u00a0 Para cumprir com quaisquer obriga\u00e7\u00f5es legais aplic\u00e1veis.<\/p><\/td><td><p>O tratamento dos seus dados \u00e9 necess\u00e1rio para a celebra\u00e7\u00e3o do contrato de compra ou de presta\u00e7\u00e3o de servi\u00e7os consigo.<\/p><p>O determinado processamento de dados relacionado com o processo de compra \u00e9 ativado apenas com a autoriza\u00e7\u00e3o, como \u00e9 o caso de pagos a trav\u00e9s da Wallet da App, ou para informar sobre a disponibilidade dos nossos produtos. Nestes tratamentos tem-se por base o seu pr\u00f3prio consentimento.<\/p><\/td><\/tr><tr><td><strong>Apoio ao cliente<\/strong><\/td><td>Se optar por comunicar com o apoio ao cliente atrav\u00e9s dos distintos meios como telefone, email, chat, rede social, servi\u00e7o de chat de uma rede social poderemos tratar os dados que s\u00e3o estritamente necess\u00e1rios para efetuar a gest\u00e3o ou resolver a sua solicita\u00e7\u00e3o ou pedido .<\/td><td><p>Quando nos contacta para a gest\u00e3o de incidentes relacionadas com a sua encomenda ou\u00a0 produto\/servi\u00e7o adquirido atrav\u00e9s da Website, o tratamento \u00e9 necess\u00e1rio para a celebra\u00e7\u00e3o do contrato de compra e venda.<\/p><p>Igualmente, quando o seu pedido estiver relacionado com reclama\u00e7\u00f5es relacionadas com os nossos produtos ou servi\u00e7os, estamos legalmente autorizados a tratar os seus dados para efeitos de conformidade com as nossas obriga\u00e7\u00f5es legais.<\/p><\/td><\/tr><tr><td><strong>Marketing<\/strong><\/td><td><p>\u00b7\u00a0\u00a0\u00a0\u00a0\u00a0\u00a0 Se e quando subscrever a nossa Newsletter, iremos tratar os seus dados para a gest\u00e3o da sua subscri\u00e7\u00e3o.<\/p><p>\u00b7\u00a0\u00a0\u00a0\u00a0\u00a0\u00a0 Para enviar informa\u00e7\u00f5es personalizadas sobre os nossos produtos ou servi\u00e7os a trav\u00e9s de v\u00e1rios meios (como por e-mail ou SMS).<\/p><p>\u00b7\u00a0\u00a0\u00a0\u00a0\u00a0\u00a0 Presentar-lhe an\u00fancios na Internet, que poder\u00e1 ver ao visitar sites e apps, por exemplo, nas redes sociais. A publicidade que ver\u00e1 poder\u00e1 ser aleat\u00f3ria, mas em algumas ocasi\u00f5es poder\u00e1 ser publicidade relacionada com as suas prefer\u00eancias, ou hist\u00f3rico de compras, e navega\u00e7\u00e3o.<\/p><p>\u00b7\u00a0\u00a0\u00a0\u00a0\u00a0\u00a0 Tamb\u00e9m utilizamos os seus dados para realizar an\u00e1lises de segmento e medi\u00e7\u00e3o da publicidade que mostramos aos utilizadores em algumas das plataformas dos nossos colaboradores via cookies, pix\u00e9is, SDK. N\u00e3o fornecermos dados pessoais identificativos a estes colaboradores, Em vez disso, proporcionamos-lhes um identificador \u00fanico cada vez. Se gostaria de receber mais informa\u00e7\u00f5es a este respeito, consulte a nossa Pol\u00edtica de Cookies.<\/p><p>\u00b7\u00a0\u00a0\u00a0\u00a0\u00a0\u00a0 Realizar a\u00e7\u00f5es promocionais (para organiza\u00e7\u00e3o de concursos ou qualquer a\u00e7\u00e3o promocional).<\/p><\/td><td>Fundamento de legitimidade para tratar os seus dados para finalidades de marketing \u00e9 o consentimento que nos concede, por exemplo, quando aceita receber informa\u00e7\u00e3o personalizada atrav\u00e9s de diversos meios, receber newsletters, ou aceitar el uso de cookies.<\/td><\/tr><tr><td><strong>An\u00e1lise da funcionalidade e da qualidade para melhorar os servi\u00e7os do Website<\/strong><\/td><td>Para an\u00e1lise da funcionalidade e da qualidade de nossos servi\u00e7os trataremos os seus dados para efeitos anal\u00edticos e estat\u00edsticos. De esta forma, entenderemos o grau de satisfa\u00e7\u00e3o dos nossos clientes e de que forma podemos melhorar os nossos servi\u00e7os do Website.<\/td><td>Consideramos que temos um interesse leg\u00edtimo para analisar a funcionalidade da Plataforma e o grau de satisfa\u00e7\u00e3o do utilizador do Website.<\/td><\/tr><\/tbody><\/table><p><strong>\u00a0<\/strong><\/p><ol start=\"5\"><li><strong>Reten\u00e7\u00e3o de dados<\/strong><\/li><\/ol><p>Apenas retemos as informa\u00e7\u00f5es recolhidas pelo tempo necess\u00e1rio para fornecer o servi\u00e7o solicitado. Os dados recolhidos ser\u00e3o protegidos de acordo com as normas relativas \u00e0 prote\u00e7\u00e3o de dados. Por exemplo, trataremos os seus dados durante o tempo necess\u00e1rio para atender a sua compra, solicita\u00e7\u00e3o ou pedido, envio de marketing, bem como durante o tempo estabelecido nos regulamentos aplic\u00e1veis em cada caso o at\u00e9 solicitar o cancelamento do servi\u00e7o ou subscri\u00e7\u00e3o.<\/p><ol start=\"6\"><li><strong>Comunica\u00e7\u00e3o de dados<\/strong><\/li><\/ol><p>Para cumprir as finalidades indicadas na presente Pol\u00edtica de Privacidade \u00e9 necess\u00e1rio que Artus d\u00ea acesso aos seus dados pessoais a institui\u00e7\u00f5es financeiras, prestadores de servi\u00e7os anal\u00edticos e tecnol\u00f3gicos, parceiros de servi\u00e7os de log\u00edstica, transporte e entrega e\/ou respetivos estabelecimentos parceiros, prestadores de servi\u00e7os e colaboradores relacionados com marketing e publicidade ou autoridades p\u00fablicas (por exemplo, caso seja necess\u00e1rio para cumprimento de obriga\u00e7\u00f5es legais).<\/p><p>Por uma quest\u00e3o de efici\u00eancia do servi\u00e7o, alguns dos prestadores mencionados localizam-se em territ\u00f3rios fora do Espa\u00e7o Econ\u00f3mico Europeu que n\u00e3o proporcionem um n\u00edvel de prote\u00e7\u00e3o de dados equipar\u00e1vel ao da Uni\u00e3o Europeia. Nesses casos, informamos que transferimos os seus dados com as garantias adequadas e assegurando sempre a seguran\u00e7a dos seus dados, utilizando as ferramentas de transfer\u00eancia internacional de dados mais adequadas.<\/p><ol start=\"7\"><li><strong>Exerc\u00edcio de Direitos<\/strong><\/li><\/ol><p>Ao abrigo do RGPD e da Lei n.\u00ba 58\/2019, de 8 de agosto, o Utilizador pode exercer, a todo o tempo e de forma gratuita, os seus direitos de acesso, retifica\u00e7\u00e3o, apagamento, limita\u00e7\u00e3o, portabilidade, oposi\u00e7\u00e3o, revoga\u00e7\u00e3o do consentimento e de n\u00e3o ficar sujeito a decis\u00f5es individuais automatizadas atrav\u00e9s de solicita\u00e7\u00e3o escrita dirigida \u00e0<strong>Somma Energy and Consultancy<\/strong> por email para: geral@sommaconsulting.pt<\/p><p>O titular dos dados tem ainda o direito de apresentar reclama\u00e7\u00e3o \u00e0 Comiss\u00e3o Nacional de Prote\u00e7\u00e3o de Dados (CNPD)\u00a0<a href=\"http:\/\/www.cnpd.pt\/\" target=\"_blank\" rel=\"noopener\">www.cnpd.pt<\/a>\u00a0em rela\u00e7\u00e3o a mat\u00e9rias relativas ao exerc\u00edcio dos seus direitos e \u00e0 prote\u00e7\u00e3o dos seus dados pessoais.<\/p><ol start=\"8\"><li><strong>Mais informa\u00e7\u00e3o<\/strong><\/li><\/ol><p>Ao navegar no nosso site est\u00e1 a aceitar as nossas pol\u00edticas de privacidade e informa\u00e7\u00f5es pessoais. Se tiver alguma d\u00favida sobre como lidamos com dados dos utilizadores e informa\u00e7\u00f5es pessoais, entre em contacto connosco atrav\u00e9s do email: geral@sommaconsulting.pt<\/p><ol start=\"9\"><li><strong>Altera\u00e7\u00f5es \u00e0 Pol\u00edtica de Privacidade<\/strong><\/li><\/ol><p>A <strong>Somma Energy and Consultancy<\/strong>\u00a0reserva-se ao direito de rever a sua Pol\u00edtica de Privacidade a qualquer momento que considere oportuno, em cujo caso comunicar\u00e1 as altera\u00e7\u00f5es ao utilizador. A vers\u00e3o atualizada estar\u00e1 sempre dispon\u00edvel para consulta em\u00a0<a href=\"https:\/\/sommaconsulting.pt\/en\/politica-de-privacidade\/\">www.sommaconsulting.pt\/politica-de-privacidade<\/a><\/p><p>Esta pol\u00edtica tem efeitos a partir de Janeiro\/2026.<\/p><\/div><\/div>\t\t\t\t\t\t\t\t<\/div>\n\t\t\t\t<\/div>\n\t\t\t\t<\/div>\n\t\t\t\t\t<\/div>\n\t\t\t\t<\/div>\n\t\t\t\t<\/div>","protected":false},"excerpt":{"rendered":"<p>Pol\u00edtica de Privacidade Pol\u00edtica de Privacidade \u00a01. \u00a0 Informa\u00e7\u00f5es Gerais A sua privacidade \u00e9 importante para n\u00f3s.\u00a0\u00c9 pol\u00edtica da\u00a0Somma Energia e Consultoria respeitar a sua privacidade relativamente a qualquer informa\u00e7\u00e3o que possamos recolher no nosso website (doravante, o \u201cWebsite\u201d).\u00a0Solicitamos informa\u00e7\u00f5es pessoais apenas quando realmente precisamos delas para lhe fornecer um servi\u00e7o. Fazemo-lo por meios justos [&hellip;]<\/p>\n","protected":false},"author":1,"featured_media":10671,"parent":0,"menu_order":0,"comment_status":"closed","ping_status":"closed","template":"","meta":{"footnotes":""},"class_list":["post-11174","page","type-page","status-publish","has-post-thumbnail","hentry"],"_links":{"self":[{"href":"https:\/\/sommaconsulting.pt\/en\/wp-json\/wp\/v2\/pages\/11174","targetHints":{"allow":["GET"]}}],"collection":[{"href":"https:\/\/sommaconsulting.pt\/en\/wp-json\/wp\/v2\/pages"}],"about":[{"href":"https:\/\/sommaconsulting.pt\/en\/wp-json\/wp\/v2\/types\/page"}],"author":[{"embeddable":true,"href":"https:\/\/sommaconsulting.pt\/en\/wp-json\/wp\/v2\/users\/1"}],"replies":[{"embeddable":true,"href":"https:\/\/sommaconsulting.pt\/en\/wp-json\/wp\/v2\/comments?post=11174"}],"version-history":[{"count":7,"href":"https:\/\/sommaconsulting.pt\/en\/wp-json\/wp\/v2\/pages\/11174\/revisions"}],"predecessor-version":[{"id":11183,"href":"https:\/\/sommaconsulting.pt\/en\/wp-json\/wp\/v2\/pages\/11174\/revisions\/11183"}],"wp:featuredmedia":[{"embeddable":true,"href":"https:\/\/sommaconsulting.pt\/en\/wp-json\/wp\/v2\/media\/10671"}],"wp:attachment":[{"href":"https:\/\/sommaconsulting.pt\/en\/wp-json\/wp\/v2\/media?parent=11174"}],"curies":[{"name":"wp","href":"https:\/\/api.w.org\/{rel}","templated":true}]}}